{"id":195,"date":"2020-04-25T11:37:19","date_gmt":"2020-04-25T11:37:19","guid":{"rendered":"http:\/\/vshe.epulet-automatika.hu\/?page_id=195"},"modified":"2020-04-25T11:54:22","modified_gmt":"2020-04-25T11:54:22","slug":"jogszabalyok-es-a-helyi-horgaszrend","status":"publish","type":"page","link":"https:\/\/www.vshe.hu\/index.php\/jogszabalyok-es-a-helyi-horgaszrend\/","title":{"rendered":"Jogszab\u00e1lyok \u00e9s a helyi horg\u00e1szrend"},"content":{"rendered":"<p><a href=\"https:\/\/www.khesz.hu\/helyi-horgaszrend\/\">KHESZ Helyi horg\u00e1szrend 2020<\/a><\/p>\n<p><a href=\"http:\/\/www.vshe.hu\/wp-content\/uploads\/2020\/04\/hgtv_2013_CII.pdf\">2013. \u00e9vi CII. t\u00f6rv\u00e9ny a halgazd\u00e1lkod\u00e1sr\u00f3l \u00e9s a hal v\u00e9delm\u00e9r\u0151l<\/a><\/p>\n<p><a href=\"http:\/\/www.vshe.hu\/wp-content\/uploads\/2020\/04\/2013.evi_cii._torveny_modositasa.pdf\">A halgazd\u00e1lkod\u00e1sr\u00f3l \u00e9s a hal v\u00e9delm\u00e9r\u0151l sz\u00f3l\u00f3 2013. \u00e9vi CII. t\u00f6rv\u00e9ny m\u00f3dos\u00edt\u00e1sa<\/a><\/p>\n<p><a href=\"http:\/\/www.vshe.hu\/wp-content\/uploads\/2020\/04\/2015_\u00e9vi_XLVIII_t\u00f6rv\u00e9ny.pdf\">2015. \u00e9vi XLVIII. t\u00f6rv\u00e9ny a halgazd\u00e1lkod\u00e1sr\u00f3l \u00e9s a hal v\u00e9delm\u00e9r\u0151l sz\u00f3l\u00f3 2013. \u00e9vi CII. t\u00f6rv\u00e9ny m\u00f3dos\u00edt\u00e1s\u00e1r\u00f3l<\/a><\/p>\n<p><a href=\"http:\/\/www.vshe.hu\/wp-content\/uploads\/2020\/04\/hun139668.pdf\">314\/2014. (XII. 12.) Korm. rendelet a halgazd\u00e1lkod\u00e1si \u00e9s a halv\u00e9delmi b\u00edrs\u00e1gr\u00f3l<\/a><\/p>\n<p><a href=\"http:\/\/www.vshe.hu\/wp-content\/uploads\/2020\/04\/VHR_133_2013.pdf\">133\/2013. (XII. 29.) VM rendelet a halgazd\u00e1lkod\u00e1s \u00e9s a halv\u00e9delem egyes szab\u00e1lyainak meg\u00e1llap\u00edt\u00e1s\u00e1r\u00f3l<\/a><\/p>\n<p><a href=\"http:\/\/www.vshe.hu\/wp-content\/uploads\/2020\/04\/MK_14_183_41.pdf\">A f\u00f6ldm\u0171vel\u00e9s\u00fcgyi miniszter 41\/2014. (XII. 23.) FM rendelete a halgazd\u00e1lkod\u00e1s \u00e9s a halv\u00e9delem egyes szab\u00e1lyainak meg\u00e1llap\u00edt\u00e1s\u00e1r\u00f3l sz\u00f3l\u00f3 133\/2013. (XII. 29.) VM rendelet m\u00f3dos\u00edt\u00e1s\u00e1r\u00f3l<\/a><\/p>\n\n\n<p><\/p>\n","protected":false},"excerpt":{"rendered":"<p>KHESZ Helyi horg\u00e1szrend 2020 2013. \u00e9vi CII. t\u00f6rv\u00e9ny a halgazd\u00e1lkod\u00e1sr\u00f3l \u00e9s a hal v\u00e9delm\u00e9r\u0151l A halgazd\u00e1lkod\u00e1sr\u00f3l \u00e9s a hal v\u00e9delm\u00e9r\u0151l sz\u00f3l\u00f3 2013. \u00e9vi CII. t\u00f6rv\u00e9ny m\u00f3dos\u00edt\u00e1sa 2015. \u00e9vi XLVIII. t\u00f6rv\u00e9ny a halgazd\u00e1lkod\u00e1sr\u00f3l \u00e9s a hal v\u00e9delm\u00e9r\u0151l sz\u00f3l\u00f3 2013. \u00e9vi CII. t\u00f6rv\u00e9ny m\u00f3dos\u00edt\u00e1s\u00e1r\u00f3l 314\/2014. (XII. 12.) Korm. rendelet a halgazd\u00e1lkod\u00e1si \u00e9s a halv\u00e9delmi b\u00edrs\u00e1gr\u00f3l 133\/2013. (XII. &hellip; <a href=\"https:\/\/www.vshe.hu\/index.php\/jogszabalyok-es-a-helyi-horgaszrend\/\" class=\"more-link\"><span class=\"screen-reader-text\">&#8222;Jogszab\u00e1lyok \u00e9s a helyi horg\u00e1szrend&#8221;<\/span> b\u0151vebben<\/a><\/p>\n","protected":false},"author":1,"featured_media":0,"parent":0,"menu_order":0,"comment_status":"closed","ping_status":"closed","template":"","meta":{"footnotes":""},"class_list":["post-195","page","type-page","status-publish","hentry"],"_links":{"self":[{"href":"https:\/\/www.vshe.hu\/index.php\/wp-json\/wp\/v2\/pages\/195","targetHints":{"allow":["GET"]}}],"collection":[{"href":"https:\/\/www.vshe.hu\/index.php\/wp-json\/wp\/v2\/pages"}],"about":[{"href":"https:\/\/www.vshe.hu\/index.php\/wp-json\/wp\/v2\/types\/page"}],"author":[{"embeddable":true,"href":"https:\/\/www.vshe.hu\/index.php\/wp-json\/wp\/v2\/users\/1"}],"replies":[{"embeddable":true,"href":"https:\/\/www.vshe.hu\/index.php\/wp-json\/wp\/v2\/comments?post=195"}],"version-history":[{"count":4,"href":"https:\/\/www.vshe.hu\/index.php\/wp-json\/wp\/v2\/pages\/195\/revisions"}],"predecessor-version":[{"id":206,"href":"https:\/\/www.vshe.hu\/index.php\/wp-json\/wp\/v2\/pages\/195\/revisions\/206"}],"wp:attachment":[{"href":"https:\/\/www.vshe.hu\/index.php\/wp-json\/wp\/v2\/media?parent=195"}],"curies":[{"name":"wp","href":"https:\/\/api.w.org\/{rel}","templated":true}]}}