{"id":274,"date":"2021-02-05T05:33:57","date_gmt":"2021-02-05T05:33:57","guid":{"rendered":"http:\/\/www.vshe.hu\/?page_id=274"},"modified":"2021-02-05T05:33:57","modified_gmt":"2021-02-05T05:33:57","slug":"korabbi-hirek","status":"publish","type":"page","link":"https:\/\/www.vshe.hu\/index.php\/korabbi-hirek\/","title":{"rendered":"Kor\u00e1bbi h\u00edrek"},"content":{"rendered":"\n<h2 class=\"wp-block-heading\">M\u00e1sodik egyes\u00fcleti horg\u00e1szverseny<\/h2>\n\n\n\n<p class=\"has-small-font-size\">2020.08.28<\/p>\n\n\n\n<p>Tisztelt Egyes\u00fcleti Tagok!<br><br>Ez\u00faton mell\u00e9keltem a soron k\u00f6vetkez\u0151 horg\u00e1szverseny\u00fcnk megh\u00edv\u00f3j\u00e1t. Id\u0151pont \u00e9s helysz\u00edn: 2020.09.18. 17:00-t\u00f3l 2020.09.20. 10:00-ig a B\u00e9k\u00e9scsabai F\u00e1s-tavon. A verseny f\u0151szervez\u0151je AMBRUS P\u00c9TER. A versennyel kapcsolatos k\u00e9rd\u00e9sekkel sz\u00edveskedjenek els\u0151sorban hozz\u00e1 fordulni az al\u00e1bbi telefonsz\u00e1mon: 0630\/328-3722, m\u00e1sodsorban ifj. Grim Ferencn\u00e9l lehet <br>\u00e9rdekl\u0151dni: 0630\/820-4039.<br><br>\u00dcdv\u00f6zlettel:<br>VSHE Vezet\u0151s\u00e9g<\/p>\n\n\n\n<h2 class=\"wp-block-heading\">Az enged\u00e9lyek \u00e1rus\u00edt\u00e1sa befejez\u0151dik<\/h2>\n\n\n\n<p class=\"has-small-font-size\">2020.08.17<\/p>\n\n\n\n<p>Tisztelt Horg\u00e1szt\u00e1rsak !<br><br>T\u00e1j\u00e9koztatunk mindenkit, hogy 2020. augusztus 17. -el az egyes\u00fcletn\u00e9l az enged\u00e9lyek \u00e1rus\u00edt\u00e1sa befejez\u0151dik. Egys\u00e9ges \u00e1llami horg\u00e1szokm\u00e1nyt m\u00e1r nem lehets\u00e9ges v\u00e1s\u00e1rolni (elfogyott), viszont ter\u00fcleti jegy m\u00e9g kaphat\u00f3 a k\u00e9szlet erej\u00e9ig.<\/p>\n\n\n\n<h2 class=\"wp-block-heading\">Egyes\u00fcleti horg\u00e1szverseny a F\u00e1s-tavon &#8211; r\u00e9szletes ki\u00edr\u00e1s<\/h2>\n\n\n\n<p class=\"has-small-font-size\">2020.06.25<\/p>\n\n\n\n<p class=\"has-text-align-center has-medium-font-size\"><strong>Tisztelt Egyes\u00fcleti Tagok!<\/strong><\/p>\n\n\n\n<p>Ez\u00faton szeretettel megh\u00edvunk minden egyes\u00fcleti tagot a soron k\u00f6vetkez\u0151 horg\u00e1szverseny\u00fcnkre!<br><br><strong><span style=\"text-decoration: underline;\">Helysz\u00edn<\/span><\/strong>: F\u00e1s-t\u00f3, B\u00e9k\u00e9scsaba (kijel\u00f6lt szakasz a Wagner utca fel\u0151li versenyp\u00e1lya)<br><span style=\"text-decoration: underline;\"><strong>Id\u0151pont<\/strong><\/span>: 2020.07.17. 17:00 \u00f3r\u00e1t\u00f3l, 2020.07.19. 10:00 \u00f3r\u00e1ig<\/p>\n\n\n\n<p class=\"has-text-align-center has-medium-font-size\"><strong><span style=\"text-decoration: underline;\">A verseny menete<\/span><\/strong><\/p>\n\n\n\n<p><strong><span style=\"text-decoration: underline;\">2020.07.17. (p\u00e9ntek)<\/span><\/strong><br>16:45 \u2013 \u00c9rkez\u00e9s (Tal\u00e1lkoz\u00f3 a versenyp\u00e1ly\u00e1n\u00e1l az ARANYHAL b\u00fcf\u00e9n\u00e9l)<br>17:00 \u2013 A verseny kezdete (sorsol\u00e1s, helyv\u00e1laszt\u00e1s megbesz\u00e9l\u00e9s szerint)<br>20:00 \u2013 Vacsora (Babguly\u00e1s vagy s\u00fclt kolb\u00e1sz)<br><br><strong><span style=\"text-decoration: underline;\">2020.07.18. (szombat)<\/span><\/strong><br>12:00 \u2013 Eb\u00e9d (marha p\u00f6rk\u00f6lt tarhony\u00e1val, keny\u00e9rrel, savany\u00fas\u00e1ggal)<br><br><strong><span style=\"text-decoration: underline;\">2020.07.19. (vas\u00e1rnap)<\/span><\/strong><br>10:00 \u2013 m\u00e9rlegel\u00e9s, eredm\u00e9nyhirdet\u00e9s<\/p>\n\n\n\n<p class=\"has-text-align-center has-medium-font-size\"><strong><span style=\"text-decoration: underline;\">Tudnival\u00f3k, szab\u00e1lyok<\/span><\/strong><\/p>\n\n\n\n<ul class=\"wp-block-list\"><li>A versenyre csak a V\u00edzm\u0171 SHE tagjai nevezhetnek!<\/li><li>Nevez\u00e9si d\u00edj (szombati eb\u00e9d k\u00f6lts\u00e9ge) <strong><span style=\"text-decoration: underline;\">1500 Ft\/f\u0151<\/span><\/strong>, a p\u00e9nteki vacsor\u00e1t az Egyes\u00fclet \u00e1llja. Fizetni a helysz\u00ednen kell a beiratkoz\u00e1ssal egyidej\u0171leg. A p\u00e9nteki vacsor\u00e1t a helysz\u00ednen k\u00e9sz\u00edtj\u00fck el bogr\u00e1csban, a szombati eb\u00e9det az \u00dajk\u00edgy\u00f3si Soproni S\u00f6r\u00f6z\u0151 \u00e9s \u00c9tteremt\u0151l rendelj\u00fck.<\/li><li>A versenyre vend\u00e9gk\u00e9nt \u00e9rkez\u0151k is ig\u00e9nyelhetnek p\u00e9ntekre vacsor\u00e1t \u00e9s szombatra eb\u00e9det. <strong><span style=\"text-decoration: underline;\">A vacsora \u00e9s eb\u00e9d ig\u00e9nyeket legk\u00e9s\u0151bb 2020.07.15. (szerda) 12:00 \u00f3r\u00e1ig k\u00e9rj\u00fck, jelezni sz\u00edveskedjenek, ellenkez\u0151 esetben nem tudunk \u00e9tkez\u00e9st biztos\u00edtani!<\/span><\/strong> A versenyre fenti id\u0151pontig nevez\u0151k eset\u00e9ben mindk\u00e9t \u00e9tkez\u00e9ssel automatikusan sz\u00e1molunk, kiv\u00e9ve, ha a nevez\u0151 a fenti id\u0151pontig lemondja valamely \u00e9tkez\u00e9si ig\u00e9ny\u00e9t.<\/li><li>A tagok csal\u00e1dtagjai, rokonai, ismer\u0151sei nem nevezhetnek, de a versenyen vend\u00e9gk\u00e9nt r\u00e9szt vehetnek, horg\u00e1szhatnak is, ha lesz elegend\u0151 hely, azonban k\u00e9rj\u00fck a sportszer\u0171 horg\u00e1szat betart\u00e1s\u00e1t! A versenyen r\u00e9szt vev\u0151knek halat \u00e1tadni tilos! Amennyiben ez kider\u00fcl, a versenyz\u0151t a versenyb\u0151l azonnali kiz\u00e1r\u00e1ssal illetj\u00fck!<\/li><li>A verseny idej\u00e9re b\u00e1rmilyen KHESZ \u00e1ltal forgalmazott ter\u00fcleti enged\u00e9ly elfogadott, de halat csak az a horg\u00e1sz vihet el (a megengedett kv\u00f3ta alapj\u00e1n), akinek a jegye \u00e9rv\u00e9nyes a F\u00e1s-t\u00f3ra is!<\/li><li>A versenyt \u00e9rint\u0151 partszakasz t\u00e1bl\u00e1val lesz jel\u00f6lve, \u00edgy a fenti id\u0151pontban a t\u00e1bl\u00e1val jel\u00f6lt szakaszon kiz\u00e1r\u00f3lag a B\u00e9k\u00e9scsabai V\u00edzm\u0171 SHE tagjai, hozz\u00e1tartoz\u00f3i, ill. ismer\u0151sei horg\u00e1szhatnak, tart\u00f3zkodhatnak.<\/li><li>A versenyen a KHESZ helyi horg\u00e1szrendj\u00e9t be kell tartani, a kifogott hallal k\u00edm\u00e9letesen kell b\u00e1nni! M\u00e9r\u0151szalag, szemetes zs\u00e1k, halm\u00e9rleg, k\u00e9ken fog\u00f3 toll minden horg\u00e1szn\u00e1l legyen! Amennyiben a horg\u00e1sz halmatraccal rendelkezik (akinek nincs, emiatt ne v\u00e1s\u00e1roljon), k\u00e9rj\u00fck haszn\u00e1lni azt!<\/li><li>Minden hal sz\u00e1m\u00edt, \u00edgy a m\u00e9reten aluli is! A m\u00e9reten aluli halakat k\u00fcl\u00f6n sz\u00e1kban kell t\u00e1rolni a m\u00e9rlegel\u00e9sig, azt k\u00f6vet\u0151en azonnal k\u00edm\u00e9letesen vissza kell helyezni a t\u00f3ba! Egy haltart\u00f3ban a napi kv\u00f3t\u00e1n\u00e1l t\u00f6bb hal is t\u00e1rolhat\u00f3, de a m\u00e9rlegel\u00e9st k\u00f6vet\u0151en a halakat azonnal k\u00edm\u00e9letesen vissza kell helyezni a v\u00edzbe! Az al\u00e1bbi s\u00faly ill. m\u00e9retkorl\u00e1toz\u00e1s al\u00e1 es\u0151 halfajok eset\u00e9ben amennyiben a kifogott hal meghaladja a fels\u0151 hat\u00e1rt, azt m\u00e9rlegel\u00e9st k\u00f6vet\u0151en azonnal k\u00edm\u00e9letesen vissza kell helyezni a t\u00f3ba:<br>&#8211; PONTY: 6kg<br>&#8211; CSUKA, S\u00dcLL\u0150, BALIN: 80cm<br>&#8211; D\u00c9V\u00c9RKESZEG: 40cm<\/li><li>S\u00e1toroz\u00e1s a verseny idej\u00e9re enged\u00e9lyezett.<\/li><li>Minden leg\u00e1lis horg\u00e1szati m\u00f3dszerrel lehet horg\u00e1szni, betartva a KHESZ helyi horg\u00e1szrendj\u00e9ben le\u00edrtakat!<\/li><li><strong>A horgot kiz\u00e1r\u00f3lagosan dobva szabad a v\u00edzbe juttatni! Etet\u0151haj\u00f3 \u00e9s cs\u00f3nak haszn\u00e1lata tilos! A t\u00f3ban f\u00fcr\u00f6dni, abba be\u00faszni tilos \u00e9s \u00e9letvesz\u00e9lyes!<\/strong><\/li><li><strong>K\u00e9rj\u00fck fokozottan \u00fcgyeljenek felszerel\u00e9seikre, egym\u00e1s- \u00e9s saj\u00e1t testi \u00e9ps\u00e9g\u00fckre! Vill\u00e1ml\u00e1s eset\u00e9n a horg\u00e1szatot er\u0151sen aj\u00e1nlott sz\u00fcneteltetni, a horg\u00e1szbotokat c\u00e9lszer\u0171 lefektetni a talajra, azok semmik\u00e9ppen ne \u00e1lljanak f\u00fcgg\u0151leges helyzetben, azokt\u00f3l c\u00e9lszer\u0171 a vill\u00e1ml\u00e1s idej\u00e9n n\u00e9h\u00e1ny m\u00e9terre elt\u00e1volodni! Az Egyes\u00fclet az esetleges balesetek\u00e9rt, felszerel\u00e9sek \u00e9s egy\u00e9b dolgok elt\u0171n\u00e9s\u00e9\u00e9rt felel\u0151ss\u00e9get nem v\u00e1llal!<\/strong><\/li><li><strong>A horg\u00e1szverseny a N\u00c9BIH fel\u00e9 t\u00f6rv\u00e9nyi el\u0151\u00edr\u00e1s miatt le van jelentve, ez\u00e9rt a szab\u00e1lyok marad\u00e9ktalan betart\u00e1s\u00e1t fokozottan k\u00e9rj\u00fck, \u00e9s ellen\u0151rizz\u00fck! A N\u00c9BIH b\u00e1rmikor jogosult a horg\u00e1szversenyt megtekinteni, a szab\u00e1lyok betart\u00e1s\u00e1t ellen\u0151rizni!<\/strong><\/li><\/ul>\n\n\n\n<p class=\"has-text-align-center has-medium-font-size\"><strong><span style=\"text-decoration: underline;\">D\u00edjaz\u00e1s<\/span><\/strong><\/p>\n\n\n\n<p>Az al\u00e1bbi kateg\u00f3ri\u00e1kban lehet nevezni, melyekhez az al\u00e1bbi d\u00edjaz\u00e1sok tartoznak:<br><br>I. gyermek kateg\u00f3ria (1 db horg\u00e1sz k\u00e9szs\u00e9g):<br>1. hely: t\u00e1rgynyerem\u00e9ny + oklev\u00e9l<br>2. hely: t\u00e1rgynyerem\u00e9ny + oklev\u00e9l<br>3. hely: t\u00e1rgynyerem\u00e9ny + oklev\u00e9l<br><br>II. ifj\u00fas\u00e1gi \u00e9s n\u0151i (1 db horg\u00e1sz k\u00e9szs\u00e9g):<br>1. hely: 4000 Ft \u00e9rt\u00e9k\u0171 v\u00e1s\u00e1rl\u00e1si utalv\u00e1ny + oklev\u00e9l<br>2. hely: 3000 Ft \u00e9rt\u00e9k\u0171 v\u00e1s\u00e1rl\u00e1si utalv\u00e1ny + oklev\u00e9l<br>3. hely: 2500 Ft \u00e9rt\u00e9k\u0171 v\u00e1s\u00e1rl\u00e1si utalv\u00e1ny + oklev\u00e9l<br><br>III. feln\u0151tt kateg\u00f3ria (2 db horg\u00e1sz k\u00e9szs\u00e9g):<br>1. hely: 5000 Ft \u00e9rt\u00e9k\u0171 v\u00e1s\u00e1rl\u00e1si utalv\u00e1ny + oklev\u00e9l + arany \u00e9rem + v\u00e1ndorserleg<br>2. hely: 4500 Ft \u00e9rt\u00e9k\u0171 v\u00e1s\u00e1rl\u00e1si utalv\u00e1ny + oklev\u00e9l + ez\u00fcst \u00e9rem<br>3. hely: 4000 Ft \u00e9rt\u00e9k\u0171 v\u00e1s\u00e1rl\u00e1si utalv\u00e1ny + oklev\u00e9l + bronz \u00e9rem<br><br>Legnagyobb hal elejt\u0151j\u00e9nek j\u00e1r\u00f3 k\u00fcl\u00f6n d\u00edjaz\u00e1s: <br>3000 Ft \u00e9rt\u00e9k\u0171 v\u00e1s\u00e1rl\u00e1si utalv\u00e1ny + oklev\u00e9l + eml\u00e9k \u00e9rem<br><br>Fenti d\u00edjaz\u00e1sok t\u00e1j\u00e9koztat\u00f3 jelleg\u0171ek, a nevez\u00e9sekt\u0151l f\u00fcgg\u0151en a v\u00e1ltoztat\u00e1s jog\u00e1t fenntartjuk!<br><br>Egy\u00e9b-, itt nem r\u00e9szletezett k\u00e9rd\u00e9sekben a f\u0151szervez\u0151, ifj. Grim Ferenc (06\/30\/820-4039) \u00e1ll rendelkez\u00e9sre. <br><br><strong>Minden Kedves Egyes\u00fcleti tagot \u00e9s vend\u00e9get szeretettel v\u00e1runk!<\/strong><\/p>\n\n\n\n<h2 class=\"wp-block-heading\">Szabads\u00e1gol\u00e1s<\/h2>\n\n\n\n<p class=\"has-small-font-size\">2020.06.10<\/p>\n\n\n\n<p>Tisztelt Horg\u00e1szt\u00e1rsak!<br><br>T\u00e1j\u00e9koztat\u00e1sul k\u00f6z\u00f6lj\u00fck, hogy 2020. j\u00fanius 26.-tol 2020. j\u00falius 13.-g a horg\u00e1szokm\u00e1nyok kiad\u00e1sa&nbsp; szabads\u00e1gol\u00e1sok miatt sz\u00fcnetelni fog! K\u00e9r\u00fcnk minden \u00e9rintettet, hogy aki m\u00e9g nem v\u00e1ltott id\u00e9n horg\u00e1sz okm\u00e1nyokat, de tervezi azok kiv\u00e1lt\u00e1s\u00e1t, legk\u00e9s\u0151bb 2020. j\u00fanius 22. 16 \u00f3r\u00e1ig jelezni sz\u00edveskedjen!<\/p>\n\n\n\n<p> Amennyiben a megadott id\u0151pontig az ig\u00e9nyt nem jelzik, \u00fagy leghamarabb 2020. j\u00falius 13.-tol van lehet\u0151s\u00e9g ism\u00e9t horg\u00e1sz okm\u00e1nyok ig\u00e9nyl\u00e9s\u00e9re Egyes\u00fclet\u00fcnkn\u00e9l! A horg\u00e1sztanya foglal\u00e1sok eset\u00e9ben ez nem \u00e9rv\u00e9nyes, azokat telefonon folyamatosan fogadjuk \u00e9s r\u00f6gz\u00edtj\u00fck. Ut\u00f3bbival kapcsolatban tov\u00e1bbra is Ifj. Grim Ferencet kell keresni. Meg\u00e9rt\u00e9s\u00fcket\/Meg\u00e9rt\u00e9seteket k\u00f6sz\u00f6nj\u00fck!<br><\/p>\n\n\n\n<h2 class=\"wp-block-heading\">Egyes\u00fcleti horg\u00e1szverseny a F\u00e1s-tavon<\/h2>\n\n\n\n<p class=\"has-small-font-size\">2020.05.30<\/p>\n\n\n\n<p>Tisztelt Horg\u00e1szt\u00e1rsak!<\/p>\n\n\n\n<p>A soron k\u00f6vetkez\u0151 egyes\u00fcleti horg\u00e1szverseny\u00fcnk id\u0151pontja 2020.07.17 17:00 \u00f3r\u00e1t\u00f3l 07.19 10:00 \u00f3r\u00e1ig lesz megtartva a b\u00e9k\u00e9scsabai F\u00e1s-tavon! Hamarabb nincs szabad id\u0151pont. R\u00e9szletek k\u00e9s\u0151bb.<br><\/p>\n\n\n\n<h2 class=\"wp-block-heading\">Elindult az \u00faj honlap<\/h2>\n\n\n\n<p class=\"has-small-font-size\">2020.05.29<\/p>\n\n\n\n<p>\u00dcdv\u00f6zl\u00fcnk minden l\u00e1togat\u00f3nkat! N\u00e9h\u00e1ny h\u00e9t sajn\u00e1latos kies\u00e9s ut\u00e1n siker\u00fclt az egyes\u00fcleti honlap domainj\u00e9t \u00e1tregisztr\u00e1lni, \u00edgy \u00fajraindulhatott az oldalunk.<\/p>\n","protected":false},"excerpt":{"rendered":"<p>M\u00e1sodik egyes\u00fcleti horg\u00e1szverseny 2020.08.28 Tisztelt Egyes\u00fcleti Tagok! Ez\u00faton mell\u00e9keltem a soron k\u00f6vetkez\u0151 horg\u00e1szverseny\u00fcnk megh\u00edv\u00f3j\u00e1t. Id\u0151pont \u00e9s helysz\u00edn: 2020.09.18. 17:00-t\u00f3l 2020.09.20. 10:00-ig a B\u00e9k\u00e9scsabai F\u00e1s-tavon. A verseny f\u0151szervez\u0151je AMBRUS P\u00c9TER. A versennyel kapcsolatos k\u00e9rd\u00e9sekkel sz\u00edveskedjenek els\u0151sorban hozz\u00e1 fordulni az al\u00e1bbi telefonsz\u00e1mon: 0630\/328-3722, m\u00e1sodsorban ifj. Grim Ferencn\u00e9l lehet \u00e9rdekl\u0151dni: 0630\/820-4039. \u00dcdv\u00f6zlettel:VSHE Vezet\u0151s\u00e9g Az enged\u00e9lyek \u00e1rus\u00edt\u00e1sa befejez\u0151dik 2020.08.17 &hellip; <a href=\"https:\/\/www.vshe.hu\/index.php\/korabbi-hirek\/\" class=\"more-link\"><span class=\"screen-reader-text\">&#8222;Kor\u00e1bbi h\u00edrek&#8221;<\/span> b\u0151vebben<\/a><\/p>\n","protected":false},"author":1,"featured_media":0,"parent":0,"menu_order":0,"comment_status":"closed","ping_status":"closed","template":"","meta":{"footnotes":""},"class_list":["post-274","page","type-page","status-publish","hentry"],"_links":{"self":[{"href":"https:\/\/www.vshe.hu\/index.php\/wp-json\/wp\/v2\/pages\/274","targetHints":{"allow":["GET"]}}],"collection":[{"href":"https:\/\/www.vshe.hu\/index.php\/wp-json\/wp\/v2\/pages"}],"about":[{"href":"https:\/\/www.vshe.hu\/index.php\/wp-json\/wp\/v2\/types\/page"}],"author":[{"embeddable":true,"href":"https:\/\/www.vshe.hu\/index.php\/wp-json\/wp\/v2\/users\/1"}],"replies":[{"embeddable":true,"href":"https:\/\/www.vshe.hu\/index.php\/wp-json\/wp\/v2\/comments?post=274"}],"version-history":[{"count":1,"href":"https:\/\/www.vshe.hu\/index.php\/wp-json\/wp\/v2\/pages\/274\/revisions"}],"predecessor-version":[{"id":275,"href":"https:\/\/www.vshe.hu\/index.php\/wp-json\/wp\/v2\/pages\/274\/revisions\/275"}],"wp:attachment":[{"href":"https:\/\/www.vshe.hu\/index.php\/wp-json\/wp\/v2\/media?parent=274"}],"curies":[{"name":"wp","href":"https:\/\/api.w.org\/{rel}","templated":true}]}}