{"id":35,"date":"2020-02-20T15:52:09","date_gmt":"2020-02-20T15:52:09","guid":{"rendered":"http:\/\/vshe.epulet-automatika.hu\/?page_id=35"},"modified":"2020-04-25T10:30:28","modified_gmt":"2020-04-25T10:30:28","slug":"horgasztanya","status":"publish","type":"page","link":"https:\/\/www.vshe.hu\/index.php\/horgasztanya\/","title":{"rendered":"Horg\u00e1sztanya"},"content":{"rendered":"\n<figure class=\"wp-block-image size-large\"><img loading=\"lazy\" decoding=\"async\" width=\"1024\" height=\"576\" src=\"http:\/\/vshe.epulet-automatika.hu\/wp-content\/uploads\/2020\/03\/20180325_120913-1024x576.jpg\" alt=\"\" class=\"wp-image-129\" srcset=\"https:\/\/www.vshe.hu\/wp-content\/uploads\/2020\/03\/20180325_120913-1024x576.jpg 1024w, https:\/\/www.vshe.hu\/wp-content\/uploads\/2020\/03\/20180325_120913-300x169.jpg 300w, https:\/\/www.vshe.hu\/wp-content\/uploads\/2020\/03\/20180325_120913-768x432.jpg 768w, https:\/\/www.vshe.hu\/wp-content\/uploads\/2020\/03\/20180325_120913-1536x864.jpg 1536w, https:\/\/www.vshe.hu\/wp-content\/uploads\/2020\/03\/20180325_120913-2048x1152.jpg 2048w, https:\/\/www.vshe.hu\/wp-content\/uploads\/2020\/03\/20180325_120913-1200x675.jpg 1200w\" sizes=\"auto, (max-width: 709px) 85vw, (max-width: 909px) 67vw, (max-width: 1362px) 62vw, 840px\" \/><\/figure>\n\n\n\n<div class=\"simcal-calendar simcal-default-calendar simcal-default-calendar-grid simcal-default-calendar-light\" data-calendar-id=\"154\" data-timezone=\"UTC\" data-offset=\"0\" data-week-start=\"1\" data-calendar-start=\"1774828800\" data-calendar-end=\"1774828800\" data-events-first=\"0\" data-events-last=\"0\">\n\t\t\t\n            <table class=\"simcal-calendar-grid\"\n                   data-event-bubble-trigger=\"hover\">\n                <thead class=\"simcal-calendar-head\">\n                <tr>\n\t\t\t\t\t                        <th class=\"simcal-nav simcal-prev-wrapper\" colspan=\"1\">\n                            <button class=\"simcal-nav-button simcal-month-nav simcal-prev\" title=\"El\u0151z\u0151 h\u00f3nap\"><i class=\"simcal-icon-left\"><\/i><\/button>\n                        <\/th>\n\t\t\t\t\t                    <th colspan=\"5\"\n                        class=\"simcal-nav simcal-current\"\n                        data-calendar-current=\"1774828800\">\n\t\t\t\t\t\t<h3> <span class=\"simcal-current-year\">2026<\/span>  <span class=\"simcal-current-month\">m\u00e1rcius<\/span> <\/h3>                    <\/th>\n\t\t\t\t\t                        <th class=\"simcal-nav simcal-next-wrapper\" colspan=\"1\">\n                            <button class=\"simcal-nav-button simcal-month-nav simcal-next\" title=\"K\u00f6vetkez\u0151 h\u00f3nap\"><i class=\"simcal-icon-right\"><\/i><\/button>\n                        <\/th>\n\t\t\t\t\t                <\/tr>\n                <tr>\n\t\t\t\t\t                        <th class=\"simcal-week-day simcal-week-day-1\"\n                            data-screen-small=\"h\"\n                            data-screen-medium=\"h\u00e9t\"\n                            data-screen-large=\"h\u00e9tf\u0151\">h\u00e9t<\/th>\n\t\t\t\t\t\t                        <th class=\"simcal-week-day simcal-week-day-2\"\n                            data-screen-small=\"k\"\n                            data-screen-medium=\"ked\"\n                            data-screen-large=\"kedd\">ked<\/th>\n\t\t\t\t\t\t                        <th class=\"simcal-week-day simcal-week-day-3\"\n                            data-screen-small=\"s\"\n                            data-screen-medium=\"sze\"\n                            data-screen-large=\"szerda\">sze<\/th>\n\t\t\t\t\t\t                        <th class=\"simcal-week-day simcal-week-day-4\"\n                            data-screen-small=\"c\"\n                            data-screen-medium=\"cs\u00fc\"\n                            data-screen-large=\"cs\u00fct\u00f6rt\u00f6k\">cs\u00fc<\/th>\n\t\t\t\t\t\t                        <th class=\"simcal-week-day simcal-week-day-5\"\n                            data-screen-small=\"p\"\n                            data-screen-medium=\"p\u00e9n\"\n                            data-screen-large=\"p\u00e9ntek\">p\u00e9n<\/th>\n\t\t\t\t\t\t                        <th class=\"simcal-week-day simcal-week-day-6\"\n                            data-screen-small=\"s\"\n                            data-screen-medium=\"szo\"\n                            data-screen-large=\"szombat\">szo<\/th>\n\t\t\t\t\t\t                            <th class=\"simcal-week-day simcal-week-day-0\"\n                                data-screen-small=\"v\"\n                                data-screen-medium=\"vas\"\n                                data-screen-large=\"vas\u00e1rnap\">vas<\/th>\n\t\t\t\t\t\t\t                <\/tr>\n                <\/thead>\n\n\t\t\t\t<tbody class=\"simcal-month simcal-month-3\">\n\t<tr class=\"simcal-week simcal-week-9\"><td class=\"simcal-day simcal-day-void \"><\/td>\n<td class=\"simcal-day simcal-day-void \"><\/td>\n<td class=\"simcal-day simcal-day-void \"><\/td>\n<td class=\"simcal-day simcal-day-void \"><\/td>\n<td class=\"simcal-day simcal-day-void \"><\/td>\n<td class=\"simcal-day simcal-day-void simcal-day-void-last\"><\/td>\n<td class=\"simcal-day-1 simcal-weekday-0 simcal-past simcal-day\" data-events-count=\"0\">\n\t<div>\n\t\t<span class=\"simcal-day-label simcal-day-number\">1<\/span>\n\t\t<span class=\"simcal-no-events\"><\/span>\n\t\t<span class=\"simcal-events-dots\" style=\"display: none;\"><\/span>\n\t<\/div>\n<\/td>\n<\/tr><tr class=\"simcal-week simcal-week-9\">\n<td class=\"simcal-day-2 simcal-weekday-1 simcal-past simcal-day\" data-events-count=\"0\">\n\t<div>\n\t\t<span class=\"simcal-day-label simcal-day-number\">2<\/span>\n\t\t<span class=\"simcal-no-events\"><\/span>\n\t\t<span class=\"simcal-events-dots\" style=\"display: none;\"><\/span>\n\t<\/div>\n<\/td>\n<td class=\"simcal-day-3 simcal-weekday-2 simcal-past simcal-day\" data-events-count=\"0\">\n\t<div>\n\t\t<span class=\"simcal-day-label simcal-day-number\">3<\/span>\n\t\t<span class=\"simcal-no-events\"><\/span>\n\t\t<span class=\"simcal-events-dots\" style=\"display: none;\"><\/span>\n\t<\/div>\n<\/td>\n<td class=\"simcal-day-4 simcal-weekday-3 simcal-past simcal-day\" data-events-count=\"0\">\n\t<div>\n\t\t<span class=\"simcal-day-label simcal-day-number\">4<\/span>\n\t\t<span class=\"simcal-no-events\"><\/span>\n\t\t<span class=\"simcal-events-dots\" style=\"display: none;\"><\/span>\n\t<\/div>\n<\/td>\n<td class=\"simcal-day-5 simcal-weekday-4 simcal-past simcal-day\" data-events-count=\"0\">\n\t<div>\n\t\t<span class=\"simcal-day-label simcal-day-number\">5<\/span>\n\t\t<span class=\"simcal-no-events\"><\/span>\n\t\t<span class=\"simcal-events-dots\" style=\"display: none;\"><\/span>\n\t<\/div>\n<\/td>\n<td class=\"simcal-day-6 simcal-weekday-5 simcal-past simcal-day\" data-events-count=\"0\">\n\t<div>\n\t\t<span class=\"simcal-day-label simcal-day-number\">6<\/span>\n\t\t<span class=\"simcal-no-events\"><\/span>\n\t\t<span class=\"simcal-events-dots\" style=\"display: none;\"><\/span>\n\t<\/div>\n<\/td>\n<td class=\"simcal-day-7 simcal-weekday-6 simcal-past simcal-day\" data-events-count=\"0\">\n\t<div>\n\t\t<span class=\"simcal-day-label simcal-day-number\">7<\/span>\n\t\t<span class=\"simcal-no-events\"><\/span>\n\t\t<span class=\"simcal-events-dots\" style=\"display: none;\"><\/span>\n\t<\/div>\n<\/td>\n<td class=\"simcal-day-8 simcal-weekday-0 simcal-past simcal-day\" data-events-count=\"0\">\n\t<div>\n\t\t<span class=\"simcal-day-label simcal-day-number\">8<\/span>\n\t\t<span class=\"simcal-no-events\"><\/span>\n\t\t<span class=\"simcal-events-dots\" style=\"display: none;\"><\/span>\n\t<\/div>\n<\/td>\n<\/tr><tr class=\"simcal-week simcal-week-10\">\n<td class=\"simcal-day-9 simcal-weekday-1 simcal-past simcal-day\" data-events-count=\"0\">\n\t<div>\n\t\t<span class=\"simcal-day-label simcal-day-number\">9<\/span>\n\t\t<span class=\"simcal-no-events\"><\/span>\n\t\t<span class=\"simcal-events-dots\" style=\"display: none;\"><\/span>\n\t<\/div>\n<\/td>\n<td class=\"simcal-day-10 simcal-weekday-2 simcal-past simcal-day\" data-events-count=\"0\">\n\t<div>\n\t\t<span class=\"simcal-day-label simcal-day-number\">10<\/span>\n\t\t<span class=\"simcal-no-events\"><\/span>\n\t\t<span class=\"simcal-events-dots\" style=\"display: none;\"><\/span>\n\t<\/div>\n<\/td>\n<td class=\"simcal-day-11 simcal-weekday-3 simcal-past simcal-day\" data-events-count=\"0\">\n\t<div>\n\t\t<span class=\"simcal-day-label simcal-day-number\">11<\/span>\n\t\t<span class=\"simcal-no-events\"><\/span>\n\t\t<span class=\"simcal-events-dots\" style=\"display: none;\"><\/span>\n\t<\/div>\n<\/td>\n<td class=\"simcal-day-12 simcal-weekday-4 simcal-past simcal-day\" data-events-count=\"0\">\n\t<div>\n\t\t<span class=\"simcal-day-label simcal-day-number\">12<\/span>\n\t\t<span class=\"simcal-no-events\"><\/span>\n\t\t<span class=\"simcal-events-dots\" style=\"display: none;\"><\/span>\n\t<\/div>\n<\/td>\n<td class=\"simcal-day-13 simcal-weekday-5 simcal-past simcal-day\" data-events-count=\"0\">\n\t<div>\n\t\t<span class=\"simcal-day-label simcal-day-number\">13<\/span>\n\t\t<span class=\"simcal-no-events\"><\/span>\n\t\t<span class=\"simcal-events-dots\" style=\"display: none;\"><\/span>\n\t<\/div>\n<\/td>\n<td class=\"simcal-day-14 simcal-weekday-6 simcal-past simcal-day\" data-events-count=\"0\">\n\t<div>\n\t\t<span class=\"simcal-day-label simcal-day-number\">14<\/span>\n\t\t<span class=\"simcal-no-events\"><\/span>\n\t\t<span class=\"simcal-events-dots\" style=\"display: none;\"><\/span>\n\t<\/div>\n<\/td>\n<td class=\"simcal-day-15 simcal-weekday-0 simcal-past simcal-day\" data-events-count=\"0\">\n\t<div>\n\t\t<span class=\"simcal-day-label simcal-day-number\">15<\/span>\n\t\t<span class=\"simcal-no-events\"><\/span>\n\t\t<span class=\"simcal-events-dots\" style=\"display: none;\"><\/span>\n\t<\/div>\n<\/td>\n<\/tr><tr class=\"simcal-week simcal-week-11\">\n<td class=\"simcal-day-16 simcal-weekday-1 simcal-past simcal-day\" data-events-count=\"0\">\n\t<div>\n\t\t<span class=\"simcal-day-label simcal-day-number\">16<\/span>\n\t\t<span class=\"simcal-no-events\"><\/span>\n\t\t<span class=\"simcal-events-dots\" style=\"display: none;\"><\/span>\n\t<\/div>\n<\/td>\n<td class=\"simcal-day-17 simcal-weekday-2 simcal-past simcal-day\" data-events-count=\"0\">\n\t<div>\n\t\t<span class=\"simcal-day-label simcal-day-number\">17<\/span>\n\t\t<span class=\"simcal-no-events\"><\/span>\n\t\t<span class=\"simcal-events-dots\" style=\"display: none;\"><\/span>\n\t<\/div>\n<\/td>\n<td class=\"simcal-day-18 simcal-weekday-3 simcal-past simcal-day\" data-events-count=\"0\">\n\t<div>\n\t\t<span class=\"simcal-day-label simcal-day-number\">18<\/span>\n\t\t<span class=\"simcal-no-events\"><\/span>\n\t\t<span class=\"simcal-events-dots\" style=\"display: none;\"><\/span>\n\t<\/div>\n<\/td>\n<td class=\"simcal-day-19 simcal-weekday-4 simcal-past simcal-day\" data-events-count=\"0\">\n\t<div>\n\t\t<span class=\"simcal-day-label simcal-day-number\">19<\/span>\n\t\t<span class=\"simcal-no-events\"><\/span>\n\t\t<span class=\"simcal-events-dots\" style=\"display: none;\"><\/span>\n\t<\/div>\n<\/td>\n<td class=\"simcal-day-20 simcal-weekday-5 simcal-past simcal-day\" data-events-count=\"0\">\n\t<div>\n\t\t<span class=\"simcal-day-label simcal-day-number\">20<\/span>\n\t\t<span class=\"simcal-no-events\"><\/span>\n\t\t<span class=\"simcal-events-dots\" style=\"display: none;\"><\/span>\n\t<\/div>\n<\/td>\n<td class=\"simcal-day-21 simcal-weekday-6 simcal-past simcal-day\" data-events-count=\"0\">\n\t<div>\n\t\t<span class=\"simcal-day-label simcal-day-number\">21<\/span>\n\t\t<span class=\"simcal-no-events\"><\/span>\n\t\t<span class=\"simcal-events-dots\" style=\"display: none;\"><\/span>\n\t<\/div>\n<\/td>\n<td class=\"simcal-day-22 simcal-weekday-0 simcal-past simcal-day\" data-events-count=\"0\">\n\t<div>\n\t\t<span class=\"simcal-day-label simcal-day-number\">22<\/span>\n\t\t<span class=\"simcal-no-events\"><\/span>\n\t\t<span class=\"simcal-events-dots\" style=\"display: none;\"><\/span>\n\t<\/div>\n<\/td>\n<\/tr><tr class=\"simcal-week simcal-week-12\">\n<td class=\"simcal-day-23 simcal-weekday-1 simcal-past simcal-day\" data-events-count=\"0\">\n\t<div>\n\t\t<span class=\"simcal-day-label simcal-day-number\">23<\/span>\n\t\t<span class=\"simcal-no-events\"><\/span>\n\t\t<span class=\"simcal-events-dots\" style=\"display: none;\"><\/span>\n\t<\/div>\n<\/td>\n<td class=\"simcal-day-24 simcal-weekday-2 simcal-past simcal-day\" data-events-count=\"0\">\n\t<div>\n\t\t<span class=\"simcal-day-label simcal-day-number\">24<\/span>\n\t\t<span class=\"simcal-no-events\"><\/span>\n\t\t<span class=\"simcal-events-dots\" style=\"display: none;\"><\/span>\n\t<\/div>\n<\/td>\n<td class=\"simcal-day-25 simcal-weekday-3 simcal-past simcal-day\" data-events-count=\"0\">\n\t<div>\n\t\t<span class=\"simcal-day-label simcal-day-number\">25<\/span>\n\t\t<span class=\"simcal-no-events\"><\/span>\n\t\t<span class=\"simcal-events-dots\" style=\"display: none;\"><\/span>\n\t<\/div>\n<\/td>\n<td class=\"simcal-day-26 simcal-weekday-4 simcal-past simcal-day\" data-events-count=\"0\">\n\t<div>\n\t\t<span class=\"simcal-day-label simcal-day-number\">26<\/span>\n\t\t<span class=\"simcal-no-events\"><\/span>\n\t\t<span class=\"simcal-events-dots\" style=\"display: none;\"><\/span>\n\t<\/div>\n<\/td>\n<td class=\"simcal-day-27 simcal-weekday-5 simcal-past simcal-day\" data-events-count=\"0\">\n\t<div>\n\t\t<span class=\"simcal-day-label simcal-day-number\">27<\/span>\n\t\t<span class=\"simcal-no-events\"><\/span>\n\t\t<span class=\"simcal-events-dots\" style=\"display: none;\"><\/span>\n\t<\/div>\n<\/td>\n<td class=\"simcal-day-28 simcal-weekday-6 simcal-past simcal-day\" data-events-count=\"0\">\n\t<div>\n\t\t<span class=\"simcal-day-label simcal-day-number\">28<\/span>\n\t\t<span class=\"simcal-no-events\"><\/span>\n\t\t<span class=\"simcal-events-dots\" style=\"display: none;\"><\/span>\n\t<\/div>\n<\/td>\n<td class=\"simcal-day-29 simcal-weekday-0 simcal-past simcal-day\" data-events-count=\"0\">\n\t<div>\n\t\t<span class=\"simcal-day-label simcal-day-number\">29<\/span>\n\t\t<span class=\"simcal-no-events\"><\/span>\n\t\t<span class=\"simcal-events-dots\" style=\"display: none;\"><\/span>\n\t<\/div>\n<\/td>\n<\/tr><tr class=\"simcal-week simcal-week-13\">\n<td class=\"simcal-day-30 simcal-weekday-1 simcal-past simcal-day\" data-events-count=\"0\">\n\t<div>\n\t\t<span class=\"simcal-day-label simcal-day-number\">30<\/span>\n\t\t<span class=\"simcal-no-events\"><\/span>\n\t\t<span class=\"simcal-events-dots\" style=\"display: none;\"><\/span>\n\t<\/div>\n<\/td>\n<td class=\"simcal-day-31 simcal-weekday-2 simcal-past simcal-day\" data-events-count=\"0\">\n\t<div>\n\t\t<span class=\"simcal-day-label simcal-day-number\">31<\/span>\n\t\t<span class=\"simcal-no-events\"><\/span>\n\t\t<span class=\"simcal-events-dots\" style=\"display: none;\"><\/span>\n\t<\/div>\n<\/td>\n<td class=\"simcal-day simcal-day-void \"><\/td>\n<td class=\"simcal-day simcal-day-void \"><\/td>\n<td class=\"simcal-day simcal-day-void \"><\/td>\n<td class=\"simcal-day simcal-day-void \"><\/td>\n<td class=\"simcal-day simcal-day-void simcal-day-void-last\"><\/td>\n\t<\/tr>\n<\/tbody>\n\t \t\t\t\n            <\/table>\n\n\t\t\t<\/div>\n\n\n\n<p class=\"has-text-color has-dark-gray-color\"><span class=\"has-inline-color has-dark-gray-color\">A horg\u00e1sztanya i<\/span>g\u00e9nybev\u00e9tel\u00e9vel kapcsolatban \u00e9rdekl\u0151dni lehet<br><strong>ifj. Grim Ferencn\u00e9l<\/strong> az al\u00e1bbi el\u00e9rhet\u0151s\u00e9geken.<br>telefonon: 06-30-820-40-39<br>e-mail -en: grimferenc2@gmail.com<br>vagy Facebook Messengeren<\/p>\n\n\n\n<p class=\"has-text-color has-bright-red-color\"><strong>A HORG\u00c1SZTANYA KULCSAINAK FELV\u00c9TEL\u00c9VEL-LEAD\u00c1S\u00c1VAL KAPCSOLATOS SZAB\u00c1LYZAT MEGTEKINTHET\u0150 AZ AL\u00c1BBI HIVATKOZ\u00c1SRA KATTINTVA:<\/strong><\/p>\n\n\n<p><span style=\"color: #00ff00;\"><a style=\"color: #00ff00;\" href=\"http:\/\/vshe.epulet-automatika.hu\/wp-content\/uploads\/2020\/04\/Horg\u00e1sztanya-kulcsok-felv\u00e9tel\u00e9vel-\u00e9s-lead\u00e1s\u00e1val-kapcsolatos-szab\u00e1lyzat.pdf\">Horg\u00e1sztanya kulcsok felv\u00e9tel\u00e9vel \u00e9s lead\u00e1s\u00e1val kapcsolatos szab\u00e1lyzat<\/a><\/span><\/p>\n\n\n<p><strong>A F\u0150\u00c9P\u00cdTM\u00c9NY \u00c9S A HORG\u00c1SZTELEK ALAPRAJZI ELRENDEZ\u00c9SE<\/strong><\/p>\n\n\n\n<figure class=\"wp-block-image size-large\"><img loading=\"lazy\" decoding=\"async\" width=\"315\" height=\"531\" src=\"http:\/\/vshe.epulet-automatika.hu\/wp-content\/uploads\/2020\/04\/Horg\u00e1sztanya_01.jpg\" alt=\"\" class=\"wp-image-169\" srcset=\"https:\/\/www.vshe.hu\/wp-content\/uploads\/2020\/04\/Horg\u00e1sztanya_01.jpg 315w, https:\/\/www.vshe.hu\/wp-content\/uploads\/2020\/04\/Horg\u00e1sztanya_01-178x300.jpg 178w\" sizes=\"auto, (max-width: 315px) 85vw, 315px\" \/><\/figure>\n\n\n\n<p class=\"has-text-color has-bright-red-color\"><strong>MINDEN FAH\u00c1ZHOZ A&nbsp;VELE AZONOS SZ\u00c1M\u00da ST\u00c9G TARTOZIK!<\/strong><\/p>\n\n\n\n<figure class=\"wp-block-image size-large\"><img loading=\"lazy\" decoding=\"async\" width=\"588\" height=\"585\" src=\"http:\/\/vshe.epulet-automatika.hu\/wp-content\/uploads\/2020\/04\/Horg\u00e1sztanya_02.jpg\" alt=\"\" class=\"wp-image-170\" srcset=\"https:\/\/www.vshe.hu\/wp-content\/uploads\/2020\/04\/Horg\u00e1sztanya_02.jpg 588w, https:\/\/www.vshe.hu\/wp-content\/uploads\/2020\/04\/Horg\u00e1sztanya_02-300x298.jpg 300w, https:\/\/www.vshe.hu\/wp-content\/uploads\/2020\/04\/Horg\u00e1sztanya_02-150x150.jpg 150w\" sizes=\"auto, (max-width: 588px) 85vw, 588px\" \/><\/figure>\n","protected":false},"excerpt":{"rendered":"<p>A horg\u00e1sztanya ig\u00e9nybev\u00e9tel\u00e9vel kapcsolatban \u00e9rdekl\u0151dni lehetifj. Grim Ferencn\u00e9l az al\u00e1bbi el\u00e9rhet\u0151s\u00e9geken.telefonon: 06-30-820-40-39e-mail -en: grimferenc2@gmail.comvagy Facebook Messengeren A HORG\u00c1SZTANYA KULCSAINAK FELV\u00c9TEL\u00c9VEL-LEAD\u00c1S\u00c1VAL KAPCSOLATOS SZAB\u00c1LYZAT MEGTEKINTHET\u0150 AZ AL\u00c1BBI HIVATKOZ\u00c1SRA KATTINTVA: Horg\u00e1sztanya kulcsok felv\u00e9tel\u00e9vel \u00e9s lead\u00e1s\u00e1val kapcsolatos szab\u00e1lyzat A F\u0150\u00c9P\u00cdTM\u00c9NY \u00c9S A HORG\u00c1SZTELEK ALAPRAJZI ELRENDEZ\u00c9SE MINDEN FAH\u00c1ZHOZ A&nbsp;VELE AZONOS SZ\u00c1M\u00da ST\u00c9G TARTOZIK!<\/p>\n","protected":false},"author":1,"featured_media":0,"parent":0,"menu_order":0,"comment_status":"closed","ping_status":"closed","template":"","meta":{"footnotes":""},"class_list":["post-35","page","type-page","status-publish","hentry"],"_links":{"self":[{"href":"https:\/\/www.vshe.hu\/index.php\/wp-json\/wp\/v2\/pages\/35","targetHints":{"allow":["GET"]}}],"collection":[{"href":"https:\/\/www.vshe.hu\/index.php\/wp-json\/wp\/v2\/pages"}],"about":[{"href":"https:\/\/www.vshe.hu\/index.php\/wp-json\/wp\/v2\/types\/page"}],"author":[{"embeddable":true,"href":"https:\/\/www.vshe.hu\/index.php\/wp-json\/wp\/v2\/users\/1"}],"replies":[{"embeddable":true,"href":"https:\/\/www.vshe.hu\/index.php\/wp-json\/wp\/v2\/comments?post=35"}],"version-history":[{"count":23,"href":"https:\/\/www.vshe.hu\/index.php\/wp-json\/wp\/v2\/pages\/35\/revisions"}],"predecessor-version":[{"id":174,"href":"https:\/\/www.vshe.hu\/index.php\/wp-json\/wp\/v2\/pages\/35\/revisions\/174"}],"wp:attachment":[{"href":"https:\/\/www.vshe.hu\/index.php\/wp-json\/wp\/v2\/media?parent=35"}],"curies":[{"name":"wp","href":"https:\/\/api.w.org\/{rel}","templated":true}]}}