{"id":36,"date":"2020-02-20T15:52:09","date_gmt":"2020-02-20T15:52:09","guid":{"rendered":"http:\/\/vshe.epulet-automatika.hu\/?page_id=36"},"modified":"2020-04-25T12:05:14","modified_gmt":"2020-04-25T12:05:14","slug":"dokumentumok","status":"publish","type":"page","link":"https:\/\/www.vshe.hu\/index.php\/dokumentumok\/","title":{"rendered":"Dokumentumok"},"content":{"rendered":"<p><a href=\"http:\/\/www.vshe.hu\/index.php\/alapdokumentumok\/\">Alapdokumentumok<\/a><\/p>\n<p><a href=\"http:\/\/vshe.epulet-automatika.hu\/index.php\/jogszabalyok-es-a-helyi-horgaszrend\/\">Jogszab\u00e1lyok \u00e9s a helyi horg\u00e1szrend<\/a><\/p>\n<p><a href=\"http:\/\/www.vshe.hu\/index.php\/beszamolok\/\">Besz\u00e1mol\u00f3k<\/a><\/p>\n<p><a href=\"http:\/www.\/vshe.hu\/index.php\/statisztika\/\" data-wplink-url-error=\"true\">Statisztika<\/a><\/p>\n<p><a href=\"http:\/\/vshe.epulet-automatika.hu\/index.php\/horgasz-okmanyok\/\">Horg\u00e1sz okm\u00e1nyok<\/a><\/p>\n\n\n<p><\/p>\n","protected":false},"excerpt":{"rendered":"<p>Alapdokumentumok Jogszab\u00e1lyok \u00e9s a helyi horg\u00e1szrend Besz\u00e1mol\u00f3k Statisztika Horg\u00e1sz okm\u00e1nyok<\/p>\n","protected":false},"author":1,"featured_media":0,"parent":0,"menu_order":0,"comment_status":"closed","ping_status":"closed","template":"","meta":{"footnotes":""},"class_list":["post-36","page","type-page","status-publish","hentry"],"_links":{"self":[{"href":"https:\/\/www.vshe.hu\/index.php\/wp-json\/wp\/v2\/pages\/36","targetHints":{"allow":["GET"]}}],"collection":[{"href":"https:\/\/www.vshe.hu\/index.php\/wp-json\/wp\/v2\/pages"}],"about":[{"href":"https:\/\/www.vshe.hu\/index.php\/wp-json\/wp\/v2\/types\/page"}],"author":[{"embeddable":true,"href":"https:\/\/www.vshe.hu\/index.php\/wp-json\/wp\/v2\/users\/1"}],"replies":[{"embeddable":true,"href":"https:\/\/www.vshe.hu\/index.php\/wp-json\/wp\/v2\/comments?post=36"}],"version-history":[{"count":4,"href":"https:\/\/www.vshe.hu\/index.php\/wp-json\/wp\/v2\/pages\/36\/revisions"}],"predecessor-version":[{"id":222,"href":"https:\/\/www.vshe.hu\/index.php\/wp-json\/wp\/v2\/pages\/36\/revisions\/222"}],"wp:attachment":[{"href":"https:\/\/www.vshe.hu\/index.php\/wp-json\/wp\/v2\/media?parent=36"}],"curies":[{"name":"wp","href":"https:\/\/api.w.org\/{rel}","templated":true}]}}