{"id":39,"date":"2020-02-20T15:52:09","date_gmt":"2020-02-20T15:52:09","guid":{"rendered":"http:\/\/vshe.epulet-automatika.hu\/?page_id=39"},"modified":"2020-03-15T15:23:19","modified_gmt":"2020-03-15T15:23:19","slug":"hasznos","status":"publish","type":"page","link":"https:\/\/www.vshe.hu\/index.php\/hasznos\/","title":{"rendered":"Hasznos"},"content":{"rendered":"<p><a href=\"https:\/\/www.horgaszjegy.hu\/\">Horg\u00e1szjegy.hu<\/a><\/p>\n<p><a href=\"http:\/\/kovizig.hu\/04-vizrajz\/05-hidrologia\/01-napi-tajekoztato-folyok\/napi-tajekoztato-folyok.php\">Foly\u00f3k napi v\u00edz\u00e1ll\u00e1sa<\/a><\/p>\n<p><a href=\"http:\/\/khesz.hu\">K\u00f6r\u00f6svid\u00e9ki Horg\u00e1sz Egyes\u00fcletek Sz\u00f6vets\u00e9ge<\/a><\/p>\n<p><a href=\"http:\/\/www.horgasz.hu\">Horg\u00e1sz.hu<\/a><\/p>\n<p><a href=\"http:\/\/www.korosok-vizitura.hu\/documents\/k.v_terkep2014.jpg\">A K\u00f6r\u00f6s\u00f6k v\u00f6lgy\u00e9nek t\u00e9rk\u00e9pe<\/a><\/p>\n<p>\u00a0<\/p>\n\n\n<p><\/p>\n","protected":false},"excerpt":{"rendered":"<p>Horg\u00e1szjegy.hu Foly\u00f3k napi v\u00edz\u00e1ll\u00e1sa K\u00f6r\u00f6svid\u00e9ki Horg\u00e1sz Egyes\u00fcletek Sz\u00f6vets\u00e9ge Horg\u00e1sz.hu A K\u00f6r\u00f6s\u00f6k v\u00f6lgy\u00e9nek t\u00e9rk\u00e9pe \u00a0<\/p>\n","protected":false},"author":1,"featured_media":0,"parent":0,"menu_order":0,"comment_status":"closed","ping_status":"closed","template":"","meta":{"footnotes":""},"class_list":["post-39","page","type-page","status-publish","hentry"],"_links":{"self":[{"href":"https:\/\/www.vshe.hu\/index.php\/wp-json\/wp\/v2\/pages\/39","targetHints":{"allow":["GET"]}}],"collection":[{"href":"https:\/\/www.vshe.hu\/index.php\/wp-json\/wp\/v2\/pages"}],"about":[{"href":"https:\/\/www.vshe.hu\/index.php\/wp-json\/wp\/v2\/types\/page"}],"author":[{"embeddable":true,"href":"https:\/\/www.vshe.hu\/index.php\/wp-json\/wp\/v2\/users\/1"}],"replies":[{"embeddable":true,"href":"https:\/\/www.vshe.hu\/index.php\/wp-json\/wp\/v2\/comments?post=39"}],"version-history":[{"count":4,"href":"https:\/\/www.vshe.hu\/index.php\/wp-json\/wp\/v2\/pages\/39\/revisions"}],"predecessor-version":[{"id":122,"href":"https:\/\/www.vshe.hu\/index.php\/wp-json\/wp\/v2\/pages\/39\/revisions\/122"}],"wp:attachment":[{"href":"https:\/\/www.vshe.hu\/index.php\/wp-json\/wp\/v2\/media?parent=39"}],"curies":[{"name":"wp","href":"https:\/\/api.w.org\/{rel}","templated":true}]}}